{"id":40,"date":"2015-02-16T11:34:12","date_gmt":"2015-02-16T11:34:12","guid":{"rendered":"http:\/\/www.putkiradiomuseo.fi\/PRT\/?page_id=40"},"modified":"2016-04-29T13:19:20","modified_gmt":"2016-04-29T11:19:20","slug":"ajankohtaista","status":"publish","type":"page","link":"http:\/\/www.putkiradiomuseo.fi\/PRT\/ajankohtaista\/","title":{"rendered":"Ajankohtaista"},"content":{"rendered":"<p><a href=\"http:\/\/www.putkiradiomuseo.fi\/PRT\/wp-content\/uploads\/2015\/02\/ani_key.gif\"><img decoding=\"async\" loading=\"lazy\" class=\"  wp-image-42 alignleft\" src=\"http:\/\/www.putkiradiomuseo.fi\/PRT\/wp-content\/uploads\/2015\/02\/ani_key-300x83.gif\" alt=\"ani_key\" width=\"141\" height=\"39\" \/><\/a>&#8211; Perinneradioharrastajien kohtaamispaikka sunnuntaisin klo 8.30 SA\u00a0taajuudella 3747\u00a0kHz (varataajuudet 7090 ja 7184 kHz) +\/- QRM, LSB<\/p>\n<p><a href=\"http:\/\/www.putkiradiomuseo.fi\/PRT\/wp-content\/uploads\/2015\/02\/ani_key.gif\"><img decoding=\"async\" loading=\"lazy\" class=\"  wp-image-42 alignleft\" src=\"http:\/\/www.putkiradiomuseo.fi\/PRT\/wp-content\/uploads\/2015\/02\/ani_key-300x83.gif\" alt=\"ani_key\" width=\"141\" height=\"39\" \/><\/a>5.3 Viestiaselajin vuosip\u00e4iv\u00e4n\u00e4 useita perinneradioasemia \u00e4\u00e4ness\u00e4<\/p>\n<p>&nbsp;<\/p>\n","protected":false},"excerpt":{"rendered":"<p>&#8211; Perinneradioharrastajien kohtaamispaikka sunnuntaisin klo 8.30 SA\u00a0taajuudella 3747\u00a0kHz (varataajuudet 7090 ja 7184 kHz) +\/- QRM, LSB 5.3 Viestiaselajin vuosip\u00e4iv\u00e4n\u00e4 useita perinneradioasemia \u00e4\u00e4ness\u00e4 &nbsp;<\/p>\n","protected":false},"author":1,"featured_media":0,"parent":0,"menu_order":0,"comment_status":"open","ping_status":"open","template":"","meta":{"_mc_calendar":[]},"_links":{"self":[{"href":"http:\/\/www.putkiradiomuseo.fi\/PRT\/wp-json\/wp\/v2\/pages\/40"}],"collection":[{"href":"http:\/\/www.putkiradiomuseo.fi\/PRT\/wp-json\/wp\/v2\/pages"}],"about":[{"href":"http:\/\/www.putkiradiomuseo.fi\/PRT\/wp-json\/wp\/v2\/types\/page"}],"author":[{"embeddable":true,"href":"http:\/\/www.putkiradiomuseo.fi\/PRT\/wp-json\/wp\/v2\/users\/1"}],"replies":[{"embeddable":true,"href":"http:\/\/www.putkiradiomuseo.fi\/PRT\/wp-json\/wp\/v2\/comments?post=40"}],"version-history":[{"count":4,"href":"http:\/\/www.putkiradiomuseo.fi\/PRT\/wp-json\/wp\/v2\/pages\/40\/revisions"}],"predecessor-version":[{"id":179,"href":"http:\/\/www.putkiradiomuseo.fi\/PRT\/wp-json\/wp\/v2\/pages\/40\/revisions\/179"}],"wp:attachment":[{"href":"http:\/\/www.putkiradiomuseo.fi\/PRT\/wp-json\/wp\/v2\/media?parent=40"}],"curies":[{"name":"wp","href":"https:\/\/api.w.org\/{rel}","templated":true}]}}