{"id":28,"date":"2015-02-14T14:49:01","date_gmt":"2015-02-14T14:49:01","guid":{"rendered":"http:\/\/www.putkiradiomuseo.fi\/PRT\/?page_id=28"},"modified":"2015-02-16T16:52:59","modified_gmt":"2015-02-16T16:52:59","slug":"ajat-ja-modet","status":"publish","type":"page","link":"http:\/\/www.putkiradiomuseo.fi\/PRT\/ajat-ja-modet\/","title":{"rendered":"Ajat ja modet"},"content":{"rendered":"<p><a href=\"http:\/\/www.putkiradiomuseo.fi\/PRT\/wp-content\/uploads\/2015\/02\/logo.jpg\"><img decoding=\"async\" loading=\"lazy\" class=\" size-full wp-image-18 alignleft\" src=\"http:\/\/www.putkiradiomuseo.fi\/PRT\/wp-content\/uploads\/2015\/02\/logo.jpg\" alt=\"logo\" width=\"75\" height=\"171\" \/><\/a><\/p>\n<p><strong>Tapahtuman toiminta-ajat ja -modet<\/strong><br \/>\nPerinneradiotapahtuma toistuu vuosittain seuraavasti:<\/p>\n<p>&#8211; Radioamat\u00f6\u00f6rien itsen\u00e4isyysp\u00e4iv\u00e4n perinneradiotapahtuma 6.12<br \/>\n&#8211; Kes\u00e4n perinneradiotapahtuma n. 4.6 (pvm. vaihtelee)<\/p>\n<p>Tapahtumakohtaiset toiminta-ajat ja -modet m\u00e4\u00e4rittelee PRT:n johtoasema.<\/p>\n","protected":false},"excerpt":{"rendered":"<p>Tapahtuman toiminta-ajat ja -modet Perinneradiotapahtuma toistuu vuosittain seuraavasti: &#8211; Radioamat\u00f6\u00f6rien itsen\u00e4isyysp\u00e4iv\u00e4n perinneradiotapahtuma 6.12 &#8211; Kes\u00e4n perinneradiotapahtuma n. 4.6 (pvm. vaihtelee) Tapahtumakohtaiset toiminta-ajat ja -modet m\u00e4\u00e4rittelee PRT:n johtoasema.<\/p>\n","protected":false},"author":1,"featured_media":0,"parent":0,"menu_order":0,"comment_status":"open","ping_status":"open","template":"","meta":{"_mc_calendar":[]},"_links":{"self":[{"href":"http:\/\/www.putkiradiomuseo.fi\/PRT\/wp-json\/wp\/v2\/pages\/28"}],"collection":[{"href":"http:\/\/www.putkiradiomuseo.fi\/PRT\/wp-json\/wp\/v2\/pages"}],"about":[{"href":"http:\/\/www.putkiradiomuseo.fi\/PRT\/wp-json\/wp\/v2\/types\/page"}],"author":[{"embeddable":true,"href":"http:\/\/www.putkiradiomuseo.fi\/PRT\/wp-json\/wp\/v2\/users\/1"}],"replies":[{"embeddable":true,"href":"http:\/\/www.putkiradiomuseo.fi\/PRT\/wp-json\/wp\/v2\/comments?post=28"}],"version-history":[{"count":1,"href":"http:\/\/www.putkiradiomuseo.fi\/PRT\/wp-json\/wp\/v2\/pages\/28\/revisions"}],"predecessor-version":[{"id":29,"href":"http:\/\/www.putkiradiomuseo.fi\/PRT\/wp-json\/wp\/v2\/pages\/28\/revisions\/29"}],"wp:attachment":[{"href":"http:\/\/www.putkiradiomuseo.fi\/PRT\/wp-json\/wp\/v2\/media?parent=28"}],"curies":[{"name":"wp","href":"https:\/\/api.w.org\/{rel}","templated":true}]}}