{"id":26,"date":"2015-02-14T14:47:52","date_gmt":"2015-02-14T14:47:52","guid":{"rendered":"http:\/\/www.putkiradiomuseo.fi\/PRT\/?page_id=26"},"modified":"2015-02-16T16:52:26","modified_gmt":"2015-02-16T16:52:26","slug":"suosituksia","status":"publish","type":"page","link":"http:\/\/www.putkiradiomuseo.fi\/PRT\/suosituksia\/","title":{"rendered":"Suosituksia"},"content":{"rendered":"<p><a href=\"http:\/\/www.putkiradiomuseo.fi\/PRT\/wp-content\/uploads\/2015\/02\/logo.jpg\"><img decoding=\"async\" loading=\"lazy\" class=\" size-full wp-image-18 alignleft\" src=\"http:\/\/www.putkiradiomuseo.fi\/PRT\/wp-content\/uploads\/2015\/02\/logo.jpg\" alt=\"logo\" width=\"75\" height=\"171\" \/><\/a><\/p>\n<p><strong>Perinneasemia koskevia suosituksia<\/strong><br \/>\nSeuraavat perinneradioasemia koskevat suositukset on tarkoitettu ohjeeksi vain PRT:aan ja niit\u00e4 ei pid\u00e4 yleist\u00e4\u00e4 tai lainata muuhun tarkoitukseen.<\/p>\n<p>Perinneradiolla tarkoitetaan PRT:ssa Suomen tai jonkun muun maan armeijan k\u00e4ytt\u00e4m\u00e4\u00e4 tai sotilask\u00e4ytt\u00f6\u00f6n tarkoitettua, tyyppin\u00e4 k\u00e4yt\u00f6st\u00e4 poistettua radiolaitetta toisen maailmansodan ajoilta. My\u00f6s nuoremmat, suunnittelultaan kuitenkin v\u00e4hint\u00e4\u00e4n 40v. vanhat radiolaitteet hyv\u00e4ksyt\u00e4\u00e4n PRT:ss\u00e4 perinneradioiksi.<\/p>\n<p>Perinneradioasema voi olla kentt\u00e4-, laiva- lentokone- tai muu sotilasradio. Parhaimmillaan t\u00e4ydellinen perinneradioasema muodostuu l\u00e4hetin-, vastaanotin-, virtal\u00e4hde- ja antennilaitteista, jotka ilman tai kohtuullisen pienin muutoksin soveltuvat k\u00e4ytett\u00e4v\u00e4ksi 80m radioamat\u00f6\u00f6rialueella tai jollakin muulla radioamat\u00f6\u00f6rien k\u00e4ytt\u00e4m\u00e4ll\u00e4 HF-taajuusalueella, joka on k\u00e4yt\u00f6ss\u00e4 kyseisess\u00e4 PRT:ssa. Perinneradioasemien antenneina tulisi ensisijaisesti k\u00e4ytt\u00e4\u00e4 alkuper\u00e4isen varustuksen mukaisia antennirakenteita tai laitteen virkak\u00e4ytt\u00f6ajankohtana k\u00e4yt\u00f6ss\u00e4 olleita muita vastaavia antennirakenteita. Vastaanotossa suositellaan k\u00e4ytett\u00e4v\u00e4ksi ensisijaisesti perinneradioaseman kokoonpanoon kuuluvaa vastaanotinta, mutta nykyaikaisen vastaanottimen rinnank\u00e4ytt\u00f6 on hyv\u00e4ksytt\u00e4v\u00e4\u00e4 apuvastaanottimena (mm. taajuuden m\u00e4\u00e4ritt\u00e4miseksi).<\/p>\n<p>Perinneradiot voivat olla kunnostettuja, jolloin niihin on vaihdettu s\u00e4hk\u00f6isi\u00e4 tai mekaanisia komponentteja tai radioputkia ja tehty muita v\u00e4ltt\u00e4m\u00e4tt\u00f6mi\u00e4 muutoksia, jotta ne t\u00e4ytt\u00e4isiv\u00e4t amat\u00f6\u00f6rilaitteiden vaatimukset. Vaihdettujen osien tulee vastata alkuper\u00e4isi\u00e4 arvoja. Laitteen varsinaista kytkent\u00e4\u00e4 ei kunnostuksessa saa muuttaa, ellei siihen ole pakottavia teknisi\u00e4 perusteita. L\u00e4hettimen tehoa ei saa nostaa kytkent\u00e4muutoksella tai ulkopuolisella vahvistimella. Suositus on, ett\u00e4 PRT:ssa perinneradioaseman l\u00e4hetysteho olisi max. 25 Wout. S\u00e4hk\u00f6tys (A1) tulisi ensisijaisesti suorittaa normaalilla perinteisell\u00e4 s\u00e4hk\u00f6tysavaimella (alkuper\u00e4isell\u00e4 mik\u00e4li mahdollista) ja puhel\u00e4hetys alkuper\u00e4isell\u00e4 modulointimenetelm\u00e4ll\u00e4 (A3). Tapahtumaan osallistuessaan perinneradioasema voi k\u00e4ytt\u00e4\u00e4 asematunnuksen j\u00e4lkeen liitetty\u00e4 lis\u00e4osaa \/S ja mik\u00e4li laitetyyppi on ollut palvelusk\u00e4yt\u00f6ss\u00e4 jo toisen maailmansodan aikana lis\u00e4tunnuksena voi olla \/SA.<\/p>\n","protected":false},"excerpt":{"rendered":"<p>Perinneasemia koskevia suosituksia Seuraavat perinneradioasemia koskevat suositukset on tarkoitettu ohjeeksi vain PRT:aan ja niit\u00e4 ei pid\u00e4 yleist\u00e4\u00e4 tai lainata muuhun tarkoitukseen. Perinneradiolla tarkoitetaan PRT:ssa Suomen tai jonkun muun maan armeijan k\u00e4ytt\u00e4m\u00e4\u00e4 tai sotilask\u00e4ytt\u00f6\u00f6n tarkoitettua, tyyppin\u00e4 k\u00e4yt\u00f6st\u00e4 poistettua radiolaitetta toisen maailmansodan ajoilta. My\u00f6s nuoremmat, suunnittelultaan kuitenkin v\u00e4hint\u00e4\u00e4n 40v. vanhat radiolaitteet hyv\u00e4ksyt\u00e4\u00e4n PRT:ss\u00e4 perinneradioiksi. Perinneradioasema voi olla [&hellip;]<\/p>\n","protected":false},"author":1,"featured_media":0,"parent":0,"menu_order":0,"comment_status":"open","ping_status":"open","template":"","meta":{"_mc_calendar":[]},"_links":{"self":[{"href":"http:\/\/www.putkiradiomuseo.fi\/PRT\/wp-json\/wp\/v2\/pages\/26"}],"collection":[{"href":"http:\/\/www.putkiradiomuseo.fi\/PRT\/wp-json\/wp\/v2\/pages"}],"about":[{"href":"http:\/\/www.putkiradiomuseo.fi\/PRT\/wp-json\/wp\/v2\/types\/page"}],"author":[{"embeddable":true,"href":"http:\/\/www.putkiradiomuseo.fi\/PRT\/wp-json\/wp\/v2\/users\/1"}],"replies":[{"embeddable":true,"href":"http:\/\/www.putkiradiomuseo.fi\/PRT\/wp-json\/wp\/v2\/comments?post=26"}],"version-history":[{"count":1,"href":"http:\/\/www.putkiradiomuseo.fi\/PRT\/wp-json\/wp\/v2\/pages\/26\/revisions"}],"predecessor-version":[{"id":27,"href":"http:\/\/www.putkiradiomuseo.fi\/PRT\/wp-json\/wp\/v2\/pages\/26\/revisions\/27"}],"wp:attachment":[{"href":"http:\/\/www.putkiradiomuseo.fi\/PRT\/wp-json\/wp\/v2\/media?parent=26"}],"curies":[{"name":"wp","href":"https:\/\/api.w.org\/{rel}","templated":true}]}}