{"id":11,"date":"2015-02-14T14:28:47","date_gmt":"2015-02-14T14:28:47","guid":{"rendered":"http:\/\/www.putkiradiomuseo.fi\/PRT\/?page_id=11"},"modified":"2015-02-16T06:06:39","modified_gmt":"2015-02-16T06:06:39","slug":"esitelmia","status":"publish","type":"page","link":"http:\/\/www.putkiradiomuseo.fi\/PRT\/esitelmia\/","title":{"rendered":"Esitelmi\u00e4"},"content":{"rendered":"<p><a href=\"http:\/\/putkiradiomuseo.fi\/pr\/apuradioverkko_files\/frame.htm\" target=\"_blank\">&#8211; &#8221;Apuradioverkko 70 vuotta&#8221; &#8211; esitelm\u00e4tilaisuus 29.11.2009 Viestimuseossa Riihim\u00e4ell\u00e4 <\/a><br \/>\n(k\u00e4yt\u00e4 Windows Internet Explorer- selainta!)<\/p>\n<p><a href=\"http:\/\/putkiradiomuseo.fi\/pr\/Perinneradio\/CD.html\" target=\"_blank\">&#8211; Perinneradioita ja -radisteja. Mist\u00e4 on kysymys ?<\/a><\/p>\n<p><a href=\"http:\/\/putkiradiomuseo.fi\/pr\/Perinneradio\/pr%20kunnostusta.pdf\" target=\"_blank\">&#8211; 10 kertaa PRT : 1. kuvakavalkaadi, 2. perinneradioiden kunnostuksesta<\/a><\/p>\n<p>Kaukopartioradio Kyynel (Matti Wihurin esitelm\u00e4, editointi Juhani Lehtosaari)<\/p>\n<p><a href=\"https:\/\/www.youtube.com\/watch?v=UKqI5NsmJI0\" target=\"_blank\">&#8211; Johdanto<\/a><\/p>\n<p><a href=\"https:\/\/www.youtube.com\/watch?v=zELyc3uGHAw\" target=\"_blank\">&#8211; Eri Kyynel-versio<\/a>t<\/p>\n<p><a href=\"https:\/\/www.youtube.com\/watch?v=diCZL8soPs8\" target=\"_blank\">&#8211; Partioiden kokoaminen<\/a><\/p>\n<p><a href=\"https:\/\/www.youtube.com\/watch?v=1i0zZOz23K8\" target=\"_blank\">&#8211; Radiotiedustelun osuus<\/a><\/p>\n<p><a href=\"https:\/\/www.youtube.com\/watch?v=KQo33Da1Q7w\" target=\"_blank\">&#8211; Yleis\u00f6n kysymyksi\u00e4<\/a><\/p>\n","protected":false},"excerpt":{"rendered":"<p>&#8211; &#8221;Apuradioverkko 70 vuotta&#8221; &#8211; esitelm\u00e4tilaisuus 29.11.2009 Viestimuseossa Riihim\u00e4ell\u00e4 (k\u00e4yt\u00e4 Windows Internet Explorer- selainta!) &#8211; Perinneradioita ja -radisteja. Mist\u00e4 on kysymys ? &#8211; 10 kertaa PRT : 1. kuvakavalkaadi, 2. perinneradioiden kunnostuksesta Kaukopartioradio Kyynel (Matti Wihurin esitelm\u00e4, editointi Juhani Lehtosaari) &#8211; Johdanto &#8211; Eri Kyynel-versiot &#8211; Partioiden kokoaminen &#8211; Radiotiedustelun osuus &#8211; Yleis\u00f6n kysymyksi\u00e4<\/p>\n","protected":false},"author":1,"featured_media":0,"parent":0,"menu_order":0,"comment_status":"open","ping_status":"open","template":"","meta":{"_mc_calendar":[]},"_links":{"self":[{"href":"http:\/\/www.putkiradiomuseo.fi\/PRT\/wp-json\/wp\/v2\/pages\/11"}],"collection":[{"href":"http:\/\/www.putkiradiomuseo.fi\/PRT\/wp-json\/wp\/v2\/pages"}],"about":[{"href":"http:\/\/www.putkiradiomuseo.fi\/PRT\/wp-json\/wp\/v2\/types\/page"}],"author":[{"embeddable":true,"href":"http:\/\/www.putkiradiomuseo.fi\/PRT\/wp-json\/wp\/v2\/users\/1"}],"replies":[{"embeddable":true,"href":"http:\/\/www.putkiradiomuseo.fi\/PRT\/wp-json\/wp\/v2\/comments?post=11"}],"version-history":[{"count":4,"href":"http:\/\/www.putkiradiomuseo.fi\/PRT\/wp-json\/wp\/v2\/pages\/11\/revisions"}],"predecessor-version":[{"id":39,"href":"http:\/\/www.putkiradiomuseo.fi\/PRT\/wp-json\/wp\/v2\/pages\/11\/revisions\/39"}],"wp:attachment":[{"href":"http:\/\/www.putkiradiomuseo.fi\/PRT\/wp-json\/wp\/v2\/media?parent=11"}],"curies":[{"name":"wp","href":"https:\/\/api.w.org\/{rel}","templated":true}]}}